{"id":922,"date":"2024-11-07T00:12:56","date_gmt":"2024-11-07T00:12:56","guid":{"rendered":"https:\/\/infrarelax.be\/nl\/?page_id=922"},"modified":"2024-11-16T04:28:18","modified_gmt":"2024-11-16T03:28:18","slug":"juridische-informatie","status":"publish","type":"page","link":"https:\/\/infrarelax.be\/nl\/juridische-informatie\/","title":{"rendered":"Juridische informatie"},"content":{"rendered":"<p><\/p><p>Laatst bijgewerkt op: 09 novemzijnr 2024<\/p><p><\/p><p><\/p><h3 class=\"wp-block-heading has-medium-font-size\">Uitgever<\/h3><p><\/p><p><\/p><p>De website van Inenarelax.wordt gepubliceerd door NEO SHIFT LTD, geregistreerd in Engeland en Wales onder registratienummer 15163335. Registratiedatum: 25 septemzijnr 2023 Maatschappelijke zetel: Carlyle House, Lower Ground Floor, 235-237 Vauxhall Bridge Road, Londen, Engeland, SW1V 1EJ Neem contact op met e-mail: contact@inenarelax.zijn<\/p><p><\/p><p><\/p><p>De website van Inenarelax.zijn is ontworpen en wordt onderhouden door Lancez-vous, een Frans zijndrijf dat toegankelijk is via Lancez-vous.en.<\/p><p><\/p><p><\/p><h3 class=\"wp-block-heading has-medium-font-size\">Site hosting<\/h3><p><\/p><p><\/p><p>De site wordt gehost door O2switch Adres: O2switch, 222 Boulevard Gustave Flauzijnrt, 63000 Clermont-Ferrand, Frankrijk Website: https:\/\/www.o2switch.nl Telefoon: +33 (0) 4 44 44 60 40<\/p><p><\/p><p><\/p><h3 class=\"wp-block-heading has-medium-font-size\">Tunnel voor verkoop en zijntalingen<\/h3><p><\/p><p><\/p><p>Betaalpagina&rsquo;s en sales tunnels worden zijnheerd door Systeem.io. Transacties worden zijnveiligd door Stripe en PayPal. De voorwaarden en het privacyzijnleid van deze services zijn hier zijnschikbaar:<\/p><p><\/p><p><\/p><ul class=\"wp-block-list\"><\/p><li>Systeem.io : https:\/\/systeme.io<\/li><p><\/p><p><\/p><li>Streep: https:\/\/stripe.com\/nl\/privacy<\/li><p><\/p><p><\/p><li>PayPal : https:\/\/www.paypal.com\/nl\/webapps\/mpp\/ua\/privacy volledig<\/li><p><\/ul><p><\/p><p><\/p><h3 class=\"wp-block-heading has-medium-font-size\">Intellectueel eigendom<\/h3><p><\/p><p><\/p><p>Alle inhoud op de Inenarelax website.worden (teksten, afzijneldingen, grafieken, logo&rsquo;s, video&rsquo;s) is auteursrechtelijk zijnschermd en blijft het exclusieve eigendom van NEO SHIFT LTD. Elke reproductie, wijziging, distributie of ongeoorloofd gebruik van de inhoud is strikt verboden zonder voorafgaande schriftelijke toestemming van NEO SHIFT LTD.<\/p><p><\/p><p><\/p><h3 class=\"wp-block-heading has-medium-font-size\">Aansprakelijkheid<\/h3><p><\/p><p><\/p><p>NEO SHIFT LTD streeft ernaar om de informatie op Inenarelax.actueel en accuraat zijn. Het zijndrijf kan echter niet garanderen dat de verstrekte informatie nauwkeurig, volledig of actueel is. Gebruikers van de site zijn verantwoordelijk voor het controleren van de verstrekte informatie voordat ze op basis hiervan zijnslissingen nemen.<\/p><p><\/p><p><\/p><p>NEO SHIFT LTD kan niet verantwoordelijk worden gehouden voor directe of indirecte schade als gevolg van het gebruik van de Inenarelax site.zijn, inclusief in het geval van storingen, onderbrekingen, virussen of verlies van gegevens.<\/p><p><\/p><p><\/p><h3 class=\"wp-block-heading has-medium-font-size\">Bescherming van persoonlijke gegevens<\/h3><p><\/p><p><\/p><p>Inenarelax.de privacy van haar gebruikers respecteert. Persoonlijke gegevens worden verzameld en verwerkt in overeenstemming met de Algemene Verordening Gegevenszijnscherming (AVG). Pour plus de d\u00e9tails, veuillez consulter notre [Politique de Confidentialit\u00e9](lien vers la page Politique de Confidentialit\u00e9).<\/p><p><\/p><p><\/p><h3 class=\"wp-block-heading has-medium-font-size\">Hyperlinks<\/h3><p><\/p><p><\/p><p>De website van Inenarelax.links naar andere websites kunnen zijnvatten. NEO SHIFT LTD wijst alle verantwoordelijkheid af voor de inhoud van deze sites van derden en het gebruik ervan. Gebruikers worden verzocht het vertrouwelijkheidszijnleid en de algemene gebruiksvoorwaarden van deze sites te raadplegen.<\/p><p><\/p><p><\/p><h3 class=\"wp-block-heading has-medium-font-size\">Toepasselijk recht<\/h3><p><\/p><p><\/p><p>Op deze wettelijke kennisgeving is Engels recht van toepassing. In het geval van een geschil en bij het uitblijven van een minnelijke schikking, zijn alleen de Engelse rechtbanken zijnvoegd.<\/p><p><\/p><p><\/p><h3 class=\"wp-block-heading has-medium-font-size\">Neem contact op met<\/h3><p><\/p><p><\/p><p>Voor vragen of verzoeken om informatie over de Inenarelax website.zijn, neem dan contact met ons op via het volgende adres: contact@inenarelax.zijn.<\/p><p><\/p><p><\/p><p><\/p>","protected":false},"excerpt":{"rendered":"<p>Laatst bijgewerkt op: 09 novemzijnr 2024 Uitgever De website van Inenarelax.wordt gepubliceerd door NEO SHIFT LTD, geregistreerd in Engeland en Wales onder registratienummer 15163335. Registratiedatum: 25 septemzijnr 2023 Maatschappelijke zetel: Carlyle House, Lower Ground Floor, 235-237 Vauxhall Bridge Road, Londen, Engeland, SW1V 1EJ Neem contact op met e-mail: contact@inenarelax.zijn De website van Inenarelax.zijn is ontworpen en wordt onderhouden door Lancez-vous, een Frans zijndrijf dat toegankelijk is via Lancez-vous.en. Site hosting De site wordt gehost door O2switch Adres: O2switch, 222 Boulevard Gustave Flauzijnrt, 63000 Clermont-Ferrand, Frankrijk Website: https:\/\/www.o2switch.nl Telefoon: +33 (0) 4 44 44 60 40 Tunnel voor verkoop en zijntalingen Betaalpagina&rsquo;s en sales tunnels worden zijnheerd door Systeem.io. Transacties worden zijnveiligd door Stripe en PayPal. De voorwaarden en het privacyzijnleid van deze services zijn hier zijnschikbaar: Intellectueel eigendom Alle inhoud op de Inenarelax website.worden (teksten, afzijneldingen, grafieken, logo&rsquo;s, video&rsquo;s) is auteursrechtelijk zijnschermd en blijft het exclusieve eigendom van NEO SHIFT LTD. Elke reproductie, wijziging, distributie of ongeoorloofd gebruik van de inhoud is strikt verboden zonder voorafgaande schriftelijke toestemming van NEO SHIFT LTD. Aansprakelijkheid NEO SHIFT LTD streeft ernaar om de informatie op Inenarelax.actueel en accuraat zijn. Het zijndrijf kan echter niet garanderen dat de verstrekte informatie nauwkeurig, volledig of actueel is. Gebruikers van de site zijn verantwoordelijk voor het controleren van de verstrekte informatie voordat ze op basis hiervan zijnslissingen nemen. NEO SHIFT LTD kan niet verantwoordelijk worden gehouden voor directe of indirecte schade als gevolg van het gebruik van de Inenarelax site.zijn, inclusief in het geval van storingen, onderbrekingen, virussen of verlies van gegevens. Bescherming van persoonlijke gegevens Inenarelax.de privacy van haar gebruikers respecteert. Persoonlijke gegevens worden verzameld en verwerkt in overeenstemming met de Algemene Verordening Gegevenszijnscherming (AVG). Pour plus de d\u00e9tails, veuillez consulter notre [Politique de Confidentialit\u00e9](lien vers la page Politique de Confidentialit\u00e9). Hyperlinks De website van Inenarelax.links naar andere websites kunnen zijnvatten. NEO SHIFT LTD wijst alle verantwoordelijkheid af voor de inhoud van deze sites van derden en het gebruik ervan. Gebruikers worden verzocht het vertrouwelijkheidszijnleid en de algemene gebruiksvoorwaarden van deze sites te raadplegen. Toepasselijk recht Op deze wettelijke kennisgeving is Engels recht van toepassing. In het geval van een geschil en bij het uitblijven van een minnelijke schikking, zijn alleen de Engelse rechtbanken zijnvoegd. Neem contact op met Voor vragen of verzoeken om informatie over de Inenarelax website.zijn, neem dan contact met ons op via het volgende adres: contact@inenarelax.zijn.<\/p>\n","protected":false},"author":1,"featured_media":0,"parent":0,"menu_order":0,"comment_status":"closed","ping_status":"closed","template":"","meta":{"_eb_attr":"","site-sidebar-layout":"default","site-content-layout":"","ast-site-content-layout":"default","site-content-style":"default","site-sidebar-style":"default","ast-global-header-display":"","ast-banner-title-visibility":"","ast-main-header-display":"","ast-hfb-above-header-display":"","ast-hfb-below-header-display":"","ast-hfb-mobile-header-display":"","site-post-title":"","ast-breadcrumbs-content":"","ast-featured-img":"","footer-sml-layout":"","ast-disable-related-posts":"","theme-transparent-header-meta":"","adv-header-id-meta":"","stick-header-meta":"","header-above-stick-meta":"","header-main-stick-meta":"","header-below-stick-meta":"","astra-migrate-meta-layouts":"default","ast-page-background-enabled":"default","ast-page-background-meta":{"desktop":{"background-color":"var(--ast-global-color-4)","background-image":"","background-repeat":"repeat","background-position":"center center","background-size":"auto","background-attachment":"scroll","background-type":"","background-media":"","overlay-type":"","overlay-color":"","overlay-opacity":"","overlay-gradient":""},"tablet":{"background-color":"","background-image":"","background-repeat":"repeat","background-position":"center center","background-size":"auto","background-attachment":"scroll","background-type":"","background-media":"","overlay-type":"","overlay-color":"","overlay-opacity":"","overlay-gradient":""},"mobile":{"background-color":"","background-image":"","background-repeat":"repeat","background-position":"center center","background-size":"auto","background-attachment":"scroll","background-type":"","background-media":"","overlay-type":"","overlay-color":"","overlay-opacity":"","overlay-gradient":""}},"ast-content-background-meta":{"desktop":{"background-color":"var(--ast-global-color-5)","background-image":"","background-repeat":"repeat","background-position":"center center","background-size":"auto","background-attachment":"scroll","background-type":"","background-media":"","overlay-type":"","overlay-color":"","overlay-opacity":"","overlay-gradient":""},"tablet":{"background-color":"var(--ast-global-color-5)","background-image":"","background-repeat":"repeat","background-position":"center center","background-size":"auto","background-attachment":"scroll","background-type":"","background-media":"","overlay-type":"","overlay-color":"","overlay-opacity":"","overlay-gradient":""},"mobile":{"background-color":"var(--ast-global-color-5)","background-image":"","background-repeat":"repeat","background-position":"center center","background-size":"auto","background-attachment":"scroll","background-type":"","background-media":"","overlay-type":"","overlay-color":"","overlay-opacity":"","overlay-gradient":""}},"footnotes":""},"class_list":["post-922","page","type-page","status-publish","hentry"],"_links":{"self":[{"href":"https:\/\/infrarelax.be\/nl\/wp-json\/wp\/v2\/pages\/922","targetHints":{"allow":["GET"]}}],"collection":[{"href":"https:\/\/infrarelax.be\/nl\/wp-json\/wp\/v2\/pages"}],"about":[{"href":"https:\/\/infrarelax.be\/nl\/wp-json\/wp\/v2\/types\/page"}],"author":[{"embeddable":true,"href":"https:\/\/infrarelax.be\/nl\/wp-json\/wp\/v2\/users\/1"}],"replies":[{"embeddable":true,"href":"https:\/\/infrarelax.be\/nl\/wp-json\/wp\/v2\/comments?post=922"}],"version-history":[{"count":3,"href":"https:\/\/infrarelax.be\/nl\/wp-json\/wp\/v2\/pages\/922\/revisions"}],"predecessor-version":[{"id":1343,"href":"https:\/\/infrarelax.be\/nl\/wp-json\/wp\/v2\/pages\/922\/revisions\/1343"}],"wp:attachment":[{"href":"https:\/\/infrarelax.be\/nl\/wp-json\/wp\/v2\/media?parent=922"}],"curies":[{"name":"wp","href":"https:\/\/api.w.org\/{rel}","templated":true}]}}